{"id":464,"date":"2017-01-31T21:09:17","date_gmt":"2017-01-31T20:09:17","guid":{"rendered":"http:\/\/dressage.haras-malleret.com\/?page_id=464\/"},"modified":"2025-06-30T14:07:28","modified_gmt":"2025-06-30T12:07:28","slug":"stallions","status":"publish","type":"page","link":"https:\/\/dressage.haras-malleret.com\/en\/stallions\/","title":{"rendered":"Stallions"},"content":{"rendered":"<div class=\"head\">\n\n<div id=\"rev_slider_4_1_wrapper\" class=\"rev_slider_wrapper fullwidthbanner-container\" data-source=\"gallery\" style=\"margin:0px auto;background:transparent;padding:0px;margin-top:0px;margin-bottom:0px;\">\n<!-- START REVOLUTION SLIDER 5.4.8 auto mode -->\n\t<div id=\"rev_slider_4_1\" class=\"rev_slider fullwidthabanner\" style=\"display:none;\" data-version=\"5.4.8\">\n<ul>\t<!-- SLIDE  -->\n\t<li data-index=\"rs-16\" data-transition=\"fade\" data-slotamount=\"default\" data-hideafterloop=\"0\" data-hideslideonmobile=\"off\"  data-easein=\"default\" data-easeout=\"default\" data-masterspeed=\"500\"  data-rotate=\"0\"  data-saveperformance=\"off\"  data-title=\"Slide\" data-param1=\"\" data-param2=\"\" data-param3=\"\" data-param4=\"\" data-param5=\"\" data-param6=\"\" data-param7=\"\" data-param8=\"\" data-param9=\"\" data-param10=\"\" data-description=\"\">\n\t\t<!-- MAIN IMAGE -->\n\t\t<img decoding=\"async\" src=\"https:\/\/dressage.haras-malleret.com\/file\/2023\/10\/etalons2710hd.jpg\"  alt=\"\" title=\"etalons2710hd\"  width=\"1920\" height=\"1280\" data-bgposition=\"center center\" data-bgfit=\"cover\" data-bgrepeat=\"no-repeat\" class=\"rev-slidebg\" data-no-retina>\n\t\t<!-- LAYERS -->\n\t<\/li>\n<\/ul>\n<div class=\"tp-bannertimer tp-bottom\" style=\"visibility: hidden !important;\"><\/div>\t<\/div>\n<script>var htmlDiv = document.getElementById(\"rs-plugin-settings-inline-css\"); var htmlDivCss=\"\";\n\t\t\t\tif(htmlDiv) {\n\t\t\t\t\thtmlDiv.innerHTML = htmlDiv.innerHTML + htmlDivCss;\n\t\t\t\t}else{\n\t\t\t\t\tvar htmlDiv = document.createElement(\"div\");\n\t\t\t\t\thtmlDiv.innerHTML = \"<style>\" + htmlDivCss + \"<\/style>\";\n\t\t\t\t\tdocument.getElementsByTagName(\"head\")[0].appendChild(htmlDiv.childNodes[0]);\n\t\t\t\t}\n\t\t\t<\/script>\n\t\t<script type=\"text\/javascript\">\nif (setREVStartSize!==undefined) setREVStartSize(\n\t{c: '#rev_slider_4_1', gridwidth: [1240], gridheight: [868], sliderLayout: 'auto'});\n\t\t\t\nvar revapi4,\n\ttpj;\t\n(function() {\t\t\t\n\tif (!\/loaded|interactive|complete\/.test(document.readyState)) document.addEventListener(\"DOMContentLoaded\",onLoad); else onLoad();\t\n\tfunction onLoad() {\t\t\t\t\n\t\tif (tpj===undefined) { tpj = jQuery; if(\"off\" == \"on\") tpj.noConflict();}\n\tif(tpj(\"#rev_slider_4_1\").revolution == undefined){\n\t\trevslider_showDoubleJqueryError(\"#rev_slider_4_1\");\n\t}else{\n\t\trevapi4 = tpj(\"#rev_slider_4_1\").show().revolution({\n\t\t\tsliderType:\"standard\",\n\t\t\tjsFileLocation:\"\/\/dressage.haras-malleret.com\/ext\/588373d1\/public\/assets\/js\/\",\n\t\t\tsliderLayout:\"auto\",\n\t\t\tdottedOverlay:\"none\",\n\t\t\tdelay:3000,\n\t\t\tnavigation: {\n\t\t\t\tonHoverStop:\"off\",\n\t\t\t},\n\t\t\tvisibilityLevels:[1240,1024,778,480],\n\t\t\tgridwidth:1240,\n\t\t\tgridheight:868,\n\t\t\tlazyType:\"none\",\n\t\t\tshadow:0,\n\t\t\tspinner:\"spinner0\",\n\t\t\tstopLoop:\"off\",\n\t\t\tstopAfterLoops:-1,\n\t\t\tstopAtSlide:-1,\n\t\t\tshuffle:\"off\",\n\t\t\tautoHeight:\"off\",\n\t\t\tdisableProgressBar:\"on\",\n\t\t\thideThumbsOnMobile:\"off\",\n\t\t\thideSliderAtLimit:0,\n\t\t\thideCaptionAtLimit:0,\n\t\t\thideAllCaptionAtLilmit:0,\n\t\t\tdebugMode:false,\n\t\t\tfallbacks: {\n\t\t\t\tsimplifyAll:\"off\",\n\t\t\t\tnextSlideOnWindowFocus:\"off\",\n\t\t\t\tdisableFocusListener:false,\n\t\t\t}\n\t\t});\n\t}; \/* END OF revapi call *\/\n\t\n }; \/* END OF ON LOAD FUNCTION *\/\n}()); \/* END OF WRAPPING FUNCTION *\/\n<\/script>\n\t\t<\/div><!-- END REVOLUTION SLIDER -->\n<\/div>\n<div class=\"videohome videowrapper \"><iframe width=\"1280\" height=\"1080\" src=\"https:\/\/www.youtube.com\/embed\/McIZ9IQzV8E?si=a-qtiWOY-aS8ejT4\" title=\"YouTube video player\" frameborder=\"0\" allow=\"accelerometer; autoplay; clipboard-write; encrypted-media; gyroscope; picture-in-picture; web-share\" allowfullscreen style=\"width:100%;max-width:1920px\"><\/iframe><\/div>\n<style>\n.videowrapper {\n    float: none;\n    clear: both;\n    width: 100%;\n    position: relative;\n    padding-bottom: 56.25%;\n    padding-top: 25px;\n    height: 0;\n}\n.videowrapper iframe {\n    position: absolute;\n    top: 0;\n    left: 0;\n    bottom: 0;\n    right: 0;\n    margin: auto;\n    width: 100%;\n    height: 100%;\n}\n<\/style>\n<div style=\"margin:auto;text-align:center;background:#000;display:block;overflow:hidden;position:relative\">\n<iframe width=\"560\" height=\"315\" src=\"https:\/\/www.youtube.com\/embed\/UBdGw1awikE\" title=\"YouTube video player\" frameborder=\"0\" allow=\"accelerometer; autoplay; clipboard-write; encrypted-media; gyroscope; picture-in-picture; web-share\" allowfullscreen style=\"max-width: 100%;max-height: 100%;\"><\/iframe><br \/>\n<iframe width=\"560\" height=\"315\" src=\"https:\/\/www.youtube.com\/embed\/-8PEfLDpQmg\" title=\"YouTube video player\" frameborder=\"0\" allow=\"accelerometer; autoplay; clipboard-write; encrypted-media; gyroscope; picture-in-picture; web-share\" allowfullscreen style=\"max-width: 100%;max-height: 100%;\"><\/iframe>\n<\/div>\n<style>\n@media screen and (min-width:960px){\niframe{\nwidth:960px;\nheight:540px\n}\n}\n@media screen and (min-width:1280px){\niframe{\nwidth:1280px;\nheight:720px\n}\n}\n@media screen and (min-width:1920px){\niframe{\nwidth:1920px;\nheight:1080px\n}\n}\n<\/style>\n<ul class=\"poulinieres\">\n<li class=\"full black\">\n<div class=\"mid midA poul\">\n<img decoding=\"async\" class=\"height\" src=\"https:\/\/dressage.haras-malleret.com\/file\/2016\/10\/danciano_etalons.jpg\" alt=\"\" class=\"alignleft size-full wp-image-1157\" \/>\n<\/div>\n<div class=\"mid midA team\">\n<div class=\"center\">\n<h3>Danciano de Malleret<\/h3>\n<p><em>Dancier &#038; Rotspon<\/em><br \/>\n<a class=\"decouvrir\" href=\"https:\/\/dressage.haras-malleret.com\/en\/danciano\/\">Discover<\/a>\n<\/div>\n<\/div>\n<\/li>\n<li class=\"full black\">\n<div class=\"mid midA poul\">\n<img decoding=\"async\" width=\"1280\" height=\"850\" class=\"height\" src=\"https:\/\/dressage.haras-malleret.com\/file\/2016\/10\/flinstone_etalons.jpg\" alt=\"\" class=\"alignnone size-full wp-image-1159\" \/>\n<\/div>\n<div class=\"mid midA team\">\n<div class=\"center\">\n<h3>Flinstone de Malleret<\/h3>\n<p><em>Fidertanz &#038; Abanos<\/em><br \/>\n<a class=\"decouvrir\" href=\"https:\/\/dressage.haras-malleret.com\/en\/flinstone\/\">Discover<\/a>\n<\/div>\n<\/div>\n<\/li>\n<li class=\"full black\">\n<div class=\"mid midA poul\">\n<img decoding=\"async\" width=\"1280\" height=\"850\" class=\"height\" src=\"https:\/\/dressage.haras-malleret.com\/file\/2022\/01\/faszination_etalons.jpg\" alt=\"\" class=\"alignnone size-large wp-image-2857\" \/>\n<\/div>\n<div class=\"mid team midA\">\n<div class=\"center\">\n<h3>Faszination de Malleret<\/h3>\n<p><em>F\u00fcrst Belissaro x San Remo<\/em><br \/>\n<a class=\"decouvrir\" href=\"https:\/\/dressage.haras-malleret.com\/en\/faszination\/\">Discover<\/a>\n<\/div>\n<\/div>\n<\/li>\n<li class=\"full black\">\n<div class=\"mid midA poul\">\n<img decoding=\"async\" class=\"height\" src=\"https:\/\/dressage.haras-malleret.com\/file\/2023\/01\/fanomen_etalons.jpg\" alt=\"\" class=\"alignnone size-large wp-image-2857\" \/>\n<\/div>\n<div class=\"mid team midA\">\n<div class=\"center\">\n<h3>F\u00e4nomen de Malleret<\/h3>\n<p><em>Foundation x Sezuan<\/em><br \/>\n<a class=\"decouvrir\" href=\"https:\/\/dressage.haras-malleret.com\/en\/fanomen\/\">Discover<\/a>\n<\/div>\n<\/div>\n<\/li>\n<li class=\"full black\">\n<div class=\"mid midA poul\">\n<img decoding=\"async\" class=\"height\" src=\"https:\/\/dressage.haras-malleret.com\/file\/2023\/01\/firstmoon_etalons.jpg\" alt=\"\" class=\"alignnone size-large wp-image-2857\" \/>\n<\/div>\n<div class=\"mid team midA\">\n<div class=\"center\">\n<h3>First Moon de Malleret<\/h3>\n<p><em>F\u00fcrstenball x Diamond Hit<\/em><br \/>\n<a class=\"decouvrir\" href=\"https:\/\/dressage.haras-malleret.com\/en\/first-moon\/\">Discover<\/a>\n<\/div>\n<\/div>\n<\/li>\n<li class=\"full black\">\n<div class=\"mid midA poul\">\n<img decoding=\"async\" class=\"height\" src=\"https:\/\/dressage.haras-malleret.com\/file\/2023\/01\/goldenromance_etalons.jpg\" alt=\"\" class=\"alignnone size-large wp-image-2857\" \/>\n<\/div>\n<div class=\"mid team midA\">\n<div class=\"center\">\n<h3>Golden Romance Malleret PS<\/h3>\n<p><em>Governor x Sir Donnerhall I<\/em><br \/>\n<a class=\"decouvrir\" href=\"https:\/\/dressage.haras-malleret.com\/en\/golden-romance\/\">Discover<\/a>\n<\/div>\n<\/div>\n<\/li>\n<li class=\"full black\">\n<div class=\"mid midA poul\">\n<img decoding=\"async\" class=\"height\" src=\"https:\/\/dressage.haras-malleret.com\/file\/2023\/01\/royal_etalons.jpg\" alt=\"\" class=\"alignnone size-large wp-image-2857\" \/>\n<\/div>\n<div class=\"mid team midA\">\n<div class=\"center\">\n<h3>Royal de Malleret<\/h3>\n<p><em>Rubin Royal x F\u00fcrst Wilhelm<\/em><br \/>\n<a class=\"decouvrir\" href=\"https:\/\/dressage.haras-malleret.com\/en\/royal\/\">Discover<\/a>\n<\/div>\n<\/div>\n<\/li>\n<li class=\"full black\">\n<div class=\"mid midA poul\">\n<img decoding=\"async\" src=\"https:\/\/dressage.haras-malleret.com\/file\/2024\/02\/dicasso_etalons.jpg\" alt=\"\" width=\"1280\" height=\"850\" class=\"alignnone size-full wp-image-3766\" \/>\n<\/div>\n<div class=\"mid team midA\">\n<div class=\"center\">\n<h3>Dicasso de Malleret<\/h3>\n<p><em>Danciano x Sir Donnerhall I<\/em><br \/>\n<a class=\"decouvrir\" href=\"https:\/\/dressage.haras-malleret.com\/en\/dicasso-de-malleret\/\">Discover<\/a>\n<\/div>\n<\/div>\n<\/li>\n<\/ul>\n<div class=\"pres gerald\">\n<p class=\"cit\"><span>\u00ab<\/span> Excellence also leads to the choice of breeding stock with recognized bloodlines for generations.<br \/>\nThese horses come from the Oldenburg, Hanoverian and Rheinland studbooks. <span>\u00bb<\/span><\/p>\n<h2>G\u00e9rald MARTINEZ<\/h2>\n<p><em>General Manager<\/em>\n<\/div>\n","protected":false},"excerpt":{"rendered":"<p>Danciano de Malleret Dancier &#038; Rotspon Discover Flinstone de Malleret Fidertanz &#038; Abanos Discover Faszination de Malleret F\u00fcrst Belissaro x San Remo Discover F\u00e4nomen de Malleret Foundation x Sezuan Discover First Moon de Malleret F\u00fcrstenball x Diamond Hit Discover Golden Romance Malleret PS Governor x Sir Donnerhall I Discover Royal de Malleret Rubin Royal x [&hellip;]<\/p>\n","protected":false},"author":1,"featured_media":0,"parent":0,"menu_order":0,"comment_status":"closed","ping_status":"closed","template":"","meta":{"_acf_changed":false,"footnotes":""},"class_list":["post-464","page","type-page","status-publish","hentry"],"acf":[],"yoast_head":"<!-- This site is optimized with the Yoast SEO plugin v27.4 - https:\/\/yoast.com\/product\/yoast-seo-wordpress\/ -->\n<title>Stallions - Haras de Malleret, Dressage Horses<\/title>\n<meta name=\"robots\" content=\"index, follow, max-snippet:-1, max-image-preview:large, max-video-preview:-1\" \/>\n<link rel=\"canonical\" href=\"https:\/\/dressage.haras-malleret.com\/en\/stallions\/\" \/>\n<meta property=\"og:locale\" content=\"en_US\" \/>\n<meta property=\"og:type\" content=\"article\" \/>\n<meta property=\"og:title\" content=\"Stallions - Haras de Malleret, Dressage Horses\" \/>\n<meta property=\"og:description\" content=\"Danciano de Malleret Dancier &#038; Rotspon Discover Flinstone de Malleret Fidertanz &#038; Abanos Discover Faszination de Malleret F\u00fcrst Belissaro x San Remo Discover F\u00e4nomen de Malleret Foundation x Sezuan Discover First Moon de Malleret F\u00fcrstenball x Diamond Hit Discover Golden Romance Malleret PS Governor x Sir Donnerhall I Discover Royal de Malleret Rubin Royal x [&hellip;]\" \/>\n<meta property=\"og:url\" content=\"https:\/\/dressage.haras-malleret.com\/en\/stallions\/\" \/>\n<meta property=\"og:site_name\" content=\"Haras de Malleret, Dressage Horses\" \/>\n<meta property=\"article:modified_time\" content=\"2025-06-30T12:07:28+00:00\" \/>\n<meta property=\"og:image\" content=\"https:\/\/dressage.haras-malleret.com\/file\/2016\/10\/danciano_etalons.jpg\" \/>\n<meta name=\"twitter:card\" content=\"summary_large_image\" \/>\n<meta name=\"twitter:label1\" content=\"Est. reading time\" \/>\n\t<meta name=\"twitter:data1\" content=\"3 minutes\" \/>\n<script type=\"application\/ld+json\" class=\"yoast-schema-graph\">{\"@context\":\"https:\\\/\\\/schema.org\",\"@graph\":[{\"@type\":\"WebPage\",\"@id\":\"https:\\\/\\\/dressage.haras-malleret.com\\\/en\\\/stallions\\\/\",\"url\":\"https:\\\/\\\/dressage.haras-malleret.com\\\/en\\\/stallions\\\/\",\"name\":\"Stallions - Haras de Malleret, Dressage Horses\",\"isPartOf\":{\"@id\":\"https:\\\/\\\/dressage.haras-malleret.com\\\/#website\"},\"primaryImageOfPage\":{\"@id\":\"https:\\\/\\\/dressage.haras-malleret.com\\\/en\\\/stallions\\\/#primaryimage\"},\"image\":{\"@id\":\"https:\\\/\\\/dressage.haras-malleret.com\\\/en\\\/stallions\\\/#primaryimage\"},\"thumbnailUrl\":\"https:\\\/\\\/dressage.haras-malleret.com\\\/inc\\\/uploads\\\/2016\\\/10\\\/danciano_etalons.jpg\",\"datePublished\":\"2017-01-31T20:09:17+00:00\",\"dateModified\":\"2025-06-30T12:07:28+00:00\",\"breadcrumb\":{\"@id\":\"https:\\\/\\\/dressage.haras-malleret.com\\\/en\\\/stallions\\\/#breadcrumb\"},\"inLanguage\":\"en-US\",\"potentialAction\":[{\"@type\":\"ReadAction\",\"target\":[\"https:\\\/\\\/dressage.haras-malleret.com\\\/en\\\/stallions\\\/\"]}]},{\"@type\":\"ImageObject\",\"inLanguage\":\"en-US\",\"@id\":\"https:\\\/\\\/dressage.haras-malleret.com\\\/en\\\/stallions\\\/#primaryimage\",\"url\":\"https:\\\/\\\/dressage.haras-malleret.com\\\/inc\\\/uploads\\\/2016\\\/10\\\/danciano_etalons.jpg\",\"contentUrl\":\"https:\\\/\\\/dressage.haras-malleret.com\\\/inc\\\/uploads\\\/2016\\\/10\\\/danciano_etalons.jpg\"},{\"@type\":\"BreadcrumbList\",\"@id\":\"https:\\\/\\\/dressage.haras-malleret.com\\\/en\\\/stallions\\\/#breadcrumb\",\"itemListElement\":[{\"@type\":\"ListItem\",\"position\":1,\"name\":\"Accueil\",\"item\":\"https:\\\/\\\/dressage.haras-malleret.com\\\/en\\\/\"},{\"@type\":\"ListItem\",\"position\":2,\"name\":\"Stallions\"}]},{\"@type\":\"WebSite\",\"@id\":\"https:\\\/\\\/dressage.haras-malleret.com\\\/#website\",\"url\":\"https:\\\/\\\/dressage.haras-malleret.com\\\/\",\"name\":\"Haras de Malleret, Dressage Horses\",\"description\":\"\u00c9levage Dressage Vente de chevaux Haras de Malleret\",\"potentialAction\":[{\"@type\":\"SearchAction\",\"target\":{\"@type\":\"EntryPoint\",\"urlTemplate\":\"https:\\\/\\\/dressage.haras-malleret.com\\\/?s={search_term_string}\"},\"query-input\":{\"@type\":\"PropertyValueSpecification\",\"valueRequired\":true,\"valueName\":\"search_term_string\"}}],\"inLanguage\":\"en-US\"}]}<\/script>\n<!-- \/ Yoast SEO plugin. -->","yoast_head_json":{"title":"Stallions - Haras de Malleret, Dressage Horses","robots":{"index":"index","follow":"follow","max-snippet":"max-snippet:-1","max-image-preview":"max-image-preview:large","max-video-preview":"max-video-preview:-1"},"canonical":"https:\/\/dressage.haras-malleret.com\/en\/stallions\/","og_locale":"en_US","og_type":"article","og_title":"Stallions - Haras de Malleret, Dressage Horses","og_description":"Danciano de Malleret Dancier &#038; Rotspon Discover Flinstone de Malleret Fidertanz &#038; Abanos Discover Faszination de Malleret F\u00fcrst Belissaro x San Remo Discover F\u00e4nomen de Malleret Foundation x Sezuan Discover First Moon de Malleret F\u00fcrstenball x Diamond Hit Discover Golden Romance Malleret PS Governor x Sir Donnerhall I Discover Royal de Malleret Rubin Royal x [&hellip;]","og_url":"https:\/\/dressage.haras-malleret.com\/en\/stallions\/","og_site_name":"Haras de Malleret, Dressage Horses","article_modified_time":"2025-06-30T12:07:28+00:00","og_image":[{"url":"https:\/\/dressage.haras-malleret.com\/file\/2016\/10\/danciano_etalons.jpg","type":"","width":"","height":""}],"twitter_card":"summary_large_image","twitter_misc":{"Est. reading time":"3 minutes"},"schema":{"@context":"https:\/\/schema.org","@graph":[{"@type":"WebPage","@id":"https:\/\/dressage.haras-malleret.com\/en\/stallions\/","url":"https:\/\/dressage.haras-malleret.com\/en\/stallions\/","name":"Stallions - Haras de Malleret, Dressage Horses","isPartOf":{"@id":"https:\/\/dressage.haras-malleret.com\/#website"},"primaryImageOfPage":{"@id":"https:\/\/dressage.haras-malleret.com\/en\/stallions\/#primaryimage"},"image":{"@id":"https:\/\/dressage.haras-malleret.com\/en\/stallions\/#primaryimage"},"thumbnailUrl":"https:\/\/dressage.haras-malleret.com\/file\/2016\/10\/danciano_etalons.jpg","datePublished":"2017-01-31T20:09:17+00:00","dateModified":"2025-06-30T12:07:28+00:00","breadcrumb":{"@id":"https:\/\/dressage.haras-malleret.com\/en\/stallions\/#breadcrumb"},"inLanguage":"en-US","potentialAction":[{"@type":"ReadAction","target":["https:\/\/dressage.haras-malleret.com\/en\/stallions\/"]}]},{"@type":"ImageObject","inLanguage":"en-US","@id":"https:\/\/dressage.haras-malleret.com\/en\/stallions\/#primaryimage","url":"https:\/\/dressage.haras-malleret.com\/file\/2016\/10\/danciano_etalons.jpg","contentUrl":"https:\/\/dressage.haras-malleret.com\/file\/2016\/10\/danciano_etalons.jpg"},{"@type":"BreadcrumbList","@id":"https:\/\/dressage.haras-malleret.com\/en\/stallions\/#breadcrumb","itemListElement":[{"@type":"ListItem","position":1,"name":"Accueil","item":"https:\/\/dressage.haras-malleret.com\/en\/"},{"@type":"ListItem","position":2,"name":"Stallions"}]},{"@type":"WebSite","@id":"https:\/\/dressage.haras-malleret.com\/#website","url":"https:\/\/dressage.haras-malleret.com\/","name":"Haras de Malleret, Dressage Horses","description":"\u00c9levage Dressage Vente de chevaux Haras de Malleret","potentialAction":[{"@type":"SearchAction","target":{"@type":"EntryPoint","urlTemplate":"https:\/\/dressage.haras-malleret.com\/?s={search_term_string}"},"query-input":{"@type":"PropertyValueSpecification","valueRequired":true,"valueName":"search_term_string"}}],"inLanguage":"en-US"}]}},"_links":{"self":[{"href":"https:\/\/dressage.haras-malleret.com\/en\/wp-json\/wp\/v2\/pages\/464","targetHints":{"allow":["GET"]}}],"collection":[{"href":"https:\/\/dressage.haras-malleret.com\/en\/wp-json\/wp\/v2\/pages"}],"about":[{"href":"https:\/\/dressage.haras-malleret.com\/en\/wp-json\/wp\/v2\/types\/page"}],"author":[{"embeddable":true,"href":"https:\/\/dressage.haras-malleret.com\/en\/wp-json\/wp\/v2\/users\/1"}],"replies":[{"embeddable":true,"href":"https:\/\/dressage.haras-malleret.com\/en\/wp-json\/wp\/v2\/comments?post=464"}],"version-history":[{"count":5,"href":"https:\/\/dressage.haras-malleret.com\/en\/wp-json\/wp\/v2\/pages\/464\/revisions"}],"predecessor-version":[{"id":3985,"href":"https:\/\/dressage.haras-malleret.com\/en\/wp-json\/wp\/v2\/pages\/464\/revisions\/3985"}],"wp:attachment":[{"href":"https:\/\/dressage.haras-malleret.com\/en\/wp-json\/wp\/v2\/media?parent=464"}],"curies":[{"name":"wp","href":"https:\/\/api.w.org\/{rel}","templated":true}]}}